{"id":235,"date":"2015-01-27T13:27:03","date_gmt":"2015-01-27T13:27:03","guid":{"rendered":"http:\/\/fbdigital.net\/graopara\/?page_id=235"},"modified":"2016-04-01T13:18:28","modified_gmt":"2016-04-01T13:18:28","slug":"sala-de-reunioes","status":"publish","type":"page","link":"https:\/\/hotelgraopara.com.br\/site\/?page_id=235","title":{"rendered":"Sala de Reuni\u00f5es"},"content":{"rendered":"<p>\n<div class=\"ngg-galleryoverview ngg-slideshow\"\n\tid=\"ngg-slideshow-73d4d09105ef10a1848c7303b2f36a03-20439118630\"\n\tdata-gallery-id=\"73d4d09105ef10a1848c7303b2f36a03\"\n\tstyle=\"max-width: 600px;\n\t\t\tmax-height: 400px;\n\t\t\tdisplay: none;\">\n\n\t\n\t\t<a href=\"https:\/\/hotelgraopara.com.br\/site\/wp-content\/gallery\/hellniao\/AND6181.jpg\"\n\t\t\ttitle=\"\"\n\t\t\tdata-src=\"https:\/\/hotelgraopara.com.br\/site\/wp-content\/gallery\/hellniao\/AND6181.jpg\"\n\t\t\tdata-thumbnail=\"https:\/\/hotelgraopara.com.br\/site\/wp-content\/gallery\/hellniao\/thumbs\/thumbs_AND6181.jpg\"\n\t\t\tdata-image-id=\"105\"\n\t\t\tdata-title=\"AND6181\"\n\t\t\tdata-description=\"\"\n\t\t\t\t\t\t\t\t\t\t\t\t\t\t\tclass=\"ngg-fancybox\" rel=\"73d4d09105ef10a1848c7303b2f36a03\">\n\t\t\t\n\t\t\t<img data-image-id='105'\n\t\t\t\ttitle=\"\"\n\t\t\t\talt=\"AND6181\"\n\t\t\t\tsrc=\"https:\/\/hotelgraopara.com.br\/site\/wp-content\/gallery\/hellniao\/AND6181.jpg\"\n\t\t\t\tstyle=\"max-height: 380px;\"\/>\n\t\t<\/a>\n\n\t\t\n\t\t<a href=\"https:\/\/hotelgraopara.com.br\/site\/wp-content\/gallery\/hellniao\/AND6183.jpg\"\n\t\t\ttitle=\"\"\n\t\t\tdata-src=\"https:\/\/hotelgraopara.com.br\/site\/wp-content\/gallery\/hellniao\/AND6183.jpg\"\n\t\t\tdata-thumbnail=\"https:\/\/hotelgraopara.com.br\/site\/wp-content\/gallery\/hellniao\/thumbs\/thumbs_AND6183.jpg\"\n\t\t\tdata-image-id=\"106\"\n\t\t\tdata-title=\"AND6183\"\n\t\t\tdata-description=\"\"\n\t\t\t\t\t\t\t\t\t\t\t\t\t\t\tclass=\"ngg-fancybox\" rel=\"73d4d09105ef10a1848c7303b2f36a03\">\n\t\t\t\n\t\t\t<img data-image-id='106'\n\t\t\t\ttitle=\"\"\n\t\t\t\talt=\"AND6183\"\n\t\t\t\tsrc=\"https:\/\/hotelgraopara.com.br\/site\/wp-content\/gallery\/hellniao\/AND6183.jpg\"\n\t\t\t\tstyle=\"max-height: 380px;\"\/>\n\t\t<\/a>\n\n\t\t\n\t\t<a href=\"https:\/\/hotelgraopara.com.br\/site\/wp-content\/gallery\/hellniao\/AND6184.jpg\"\n\t\t\ttitle=\"\"\n\t\t\tdata-src=\"https:\/\/hotelgraopara.com.br\/site\/wp-content\/gallery\/hellniao\/AND6184.jpg\"\n\t\t\tdata-thumbnail=\"https:\/\/hotelgraopara.com.br\/site\/wp-content\/gallery\/hellniao\/thumbs\/thumbs_AND6184.jpg\"\n\t\t\tdata-image-id=\"107\"\n\t\t\tdata-title=\"AND6184\"\n\t\t\tdata-description=\"\"\n\t\t\t\t\t\t\t\t\t\t\t\t\t\t\tclass=\"ngg-fancybox\" rel=\"73d4d09105ef10a1848c7303b2f36a03\">\n\t\t\t\n\t\t\t<img data-image-id='107'\n\t\t\t\ttitle=\"\"\n\t\t\t\talt=\"AND6184\"\n\t\t\t\tsrc=\"https:\/\/hotelgraopara.com.br\/site\/wp-content\/gallery\/hellniao\/AND6184.jpg\"\n\t\t\t\tstyle=\"max-height: 380px;\"\/>\n\t\t<\/a>\n\n\t\t\n\t\t<a href=\"https:\/\/hotelgraopara.com.br\/site\/wp-content\/gallery\/hellniao\/AND6185.jpg\"\n\t\t\ttitle=\"\"\n\t\t\tdata-src=\"https:\/\/hotelgraopara.com.br\/site\/wp-content\/gallery\/hellniao\/AND6185.jpg\"\n\t\t\tdata-thumbnail=\"https:\/\/hotelgraopara.com.br\/site\/wp-content\/gallery\/hellniao\/thumbs\/thumbs_AND6185.jpg\"\n\t\t\tdata-image-id=\"108\"\n\t\t\tdata-title=\"AND6185\"\n\t\t\tdata-description=\"\"\n\t\t\t\t\t\t\t\t\t\t\t\t\t\t\tclass=\"ngg-fancybox\" rel=\"73d4d09105ef10a1848c7303b2f36a03\">\n\t\t\t\n\t\t\t<img data-image-id='108'\n\t\t\t\ttitle=\"\"\n\t\t\t\talt=\"AND6185\"\n\t\t\t\tsrc=\"https:\/\/hotelgraopara.com.br\/site\/wp-content\/gallery\/hellniao\/AND6185.jpg\"\n\t\t\t\tstyle=\"max-height: 380px;\"\/>\n\t\t<\/a>\n\n\t\t\n\t\t<a href=\"https:\/\/hotelgraopara.com.br\/site\/wp-content\/gallery\/hellniao\/AND6186.jpg\"\n\t\t\ttitle=\"\"\n\t\t\tdata-src=\"https:\/\/hotelgraopara.com.br\/site\/wp-content\/gallery\/hellniao\/AND6186.jpg\"\n\t\t\tdata-thumbnail=\"https:\/\/hotelgraopara.com.br\/site\/wp-content\/gallery\/hellniao\/thumbs\/thumbs_AND6186.jpg\"\n\t\t\tdata-image-id=\"109\"\n\t\t\tdata-title=\"AND6186\"\n\t\t\tdata-description=\"\"\n\t\t\t\t\t\t\t\t\t\t\t\t\t\t\tclass=\"ngg-fancybox\" rel=\"73d4d09105ef10a1848c7303b2f36a03\">\n\t\t\t\n\t\t\t<img data-image-id='109'\n\t\t\t\ttitle=\"\"\n\t\t\t\talt=\"AND6186\"\n\t\t\t\tsrc=\"https:\/\/hotelgraopara.com.br\/site\/wp-content\/gallery\/hellniao\/AND6186.jpg\"\n\t\t\t\tstyle=\"max-height: 380px;\"\/>\n\t\t<\/a>\n\n\t\t\n\t\t<a href=\"https:\/\/hotelgraopara.com.br\/site\/wp-content\/gallery\/hellniao\/AND6188.jpg\"\n\t\t\ttitle=\"\"\n\t\t\tdata-src=\"https:\/\/hotelgraopara.com.br\/site\/wp-content\/gallery\/hellniao\/AND6188.jpg\"\n\t\t\tdata-thumbnail=\"https:\/\/hotelgraopara.com.br\/site\/wp-content\/gallery\/hellniao\/thumbs\/thumbs_AND6188.jpg\"\n\t\t\tdata-image-id=\"110\"\n\t\t\tdata-title=\"AND6188\"\n\t\t\tdata-description=\"\"\n\t\t\t\t\t\t\t\t\t\t\t\t\t\t\tclass=\"ngg-fancybox\" rel=\"73d4d09105ef10a1848c7303b2f36a03\">\n\t\t\t\n\t\t\t<img data-image-id='110'\n\t\t\t\ttitle=\"\"\n\t\t\t\talt=\"AND6188\"\n\t\t\t\tsrc=\"https:\/\/hotelgraopara.com.br\/site\/wp-content\/gallery\/hellniao\/AND6188.jpg\"\n\t\t\t\tstyle=\"max-height: 380px;\"\/>\n\t\t<\/a>\n\n\t\t<\/div>\n\n\n<\/p>\n<p>&nbsp;<\/p>\n<p>No hotel Gr\u00e3o Par\u00e1, os seus eventos ser\u00e3o certamente um sucesso.<\/p>\n<p>Quer se trate de uma confer\u00eancia, apresenta\u00e7\u00e3o de um produto, um banquete, um casamento ou simplesmente uma pequena mas importante reuni\u00e3o de neg\u00f3cios, nosso hotel disp\u00f5e de recursos e instala\u00e7\u00f5es que ir\u00e3o garantir o sucesso do seu evento.<\/p>\n<p>Com um ambiente contempor\u00e2neo, vers\u00e1til e elegante, o hotel oferece capacidade para atender at\u00e9 40 pessoas e equipadas com sistema de audiovisual e ilumina\u00e7\u00e3o de \u00faltima gera\u00e7\u00e3o, capazes de atender os mais diferentes estilos de eventos sociais.<\/p>\n<p>Mais do que simples reuni\u00f5es, confer\u00eancias, banquetes ou casamentos, os seus eventos no hotel Gr\u00e3o Par\u00e1\u00a0ser\u00e3o inesquec\u00edveis.<\/p>\n<p><b>Contatos<\/b><\/p>\n<p><strong>Fone:<\/strong> +55 91 3321-2121<\/p>\n<p><strong>Fax:<\/strong> +55 91 3242-8073<\/p>\n<p><a href=\"mailto:reservas@hotelgraopara.com.br\">reservas@hotelgraopara.com.br<\/a><\/p>\n","protected":false},"excerpt":{"rendered":"<p>&nbsp; No hotel Gr\u00e3o Par\u00e1, os seus eventos ser\u00e3o certamente um sucesso. Quer se trate de uma confer\u00eancia, apresenta\u00e7\u00e3o de um produto, um banquete, um casamento ou simplesmente uma pequena mas importante reuni\u00e3o de neg\u00f3cios, nosso hotel disp\u00f5e de recursos e instala\u00e7\u00f5es que ir\u00e3o garantir o sucesso do seu evento. Com um ambiente contempor\u00e2neo, vers\u00e1til<\/p>\n","protected":false},"author":1,"featured_media":238,"parent":0,"menu_order":0,"comment_status":"closed","ping_status":"closed","template":"page-templates\/template-right-sidebar.php","meta":{"ngg_post_thumbnail":0,"_joinchat":[],"footnotes":""},"class_list":["post-235","page","type-page","status-publish","has-post-thumbnail","hentry"],"_links":{"self":[{"href":"https:\/\/hotelgraopara.com.br\/site\/index.php?rest_route=\/wp\/v2\/pages\/235","targetHints":{"allow":["GET"]}}],"collection":[{"href":"https:\/\/hotelgraopara.com.br\/site\/index.php?rest_route=\/wp\/v2\/pages"}],"about":[{"href":"https:\/\/hotelgraopara.com.br\/site\/index.php?rest_route=\/wp\/v2\/types\/page"}],"author":[{"embeddable":true,"href":"https:\/\/hotelgraopara.com.br\/site\/index.php?rest_route=\/wp\/v2\/users\/1"}],"replies":[{"embeddable":true,"href":"https:\/\/hotelgraopara.com.br\/site\/index.php?rest_route=%2Fwp%2Fv2%2Fcomments&post=235"}],"version-history":[{"count":8,"href":"https:\/\/hotelgraopara.com.br\/site\/index.php?rest_route=\/wp\/v2\/pages\/235\/revisions"}],"predecessor-version":[{"id":3159,"href":"https:\/\/hotelgraopara.com.br\/site\/index.php?rest_route=\/wp\/v2\/pages\/235\/revisions\/3159"}],"wp:featuredmedia":[{"embeddable":true,"href":"https:\/\/hotelgraopara.com.br\/site\/index.php?rest_route=\/wp\/v2\/media\/238"}],"wp:attachment":[{"href":"https:\/\/hotelgraopara.com.br\/site\/index.php?rest_route=%2Fwp%2Fv2%2Fmedia&parent=235"}],"curies":[{"name":"wp","href":"https:\/\/api.w.org\/{rel}","templated":true}]}}