{"id":71,"date":"2015-01-14T16:05:55","date_gmt":"2015-01-14T16:05:55","guid":{"rendered":"http:\/\/fbdigital.net\/graopara\/?page_id=71"},"modified":"2015-04-24T14:26:13","modified_gmt":"2015-04-24T14:26:13","slug":"booking-step-1","status":"publish","type":"page","link":"https:\/\/hotelgraopara.com.br\/site\/?page_id=71","title":{"rendered":"Pr\u00e9 &#8211; Reserva Passo 1"},"content":{"rendered":"<script>var blocked = {}<\/script>\n<style>\n\t.booking-form-notice {\n\t\tdisplay: block;\n\t}\n<\/style>\n<style>\n\t#datepicker-loading-spinner {\n\t\ttext-align: center;\n\t\tfont-size: 13px;\n\t\theight: 60px;\n\t\tbackground: url('https:\/\/hotelgraopara.com.br\/site\/wp-content\/plugins\/quitenicebooking\/assets\/images\/calendar_loading.gif') no-repeat center bottom;\n\t}\n<\/style>\n<noscript>\n\t<style>\n\t\t.datepicker-key {\n\t\t\tdisplay: none;\n\t\t}\n\t<\/style>\n<\/noscript>\n<!-- BEGIN .booking-step-wrapper -->\n<div class=\"booking-step-wrapper clearfix\">\n\n\t<div class=\"step-wrapper\">\n\t\t<div class=\"step-icon-wrapper\">\n\t\t\t<div class=\"step-icon step-icon-current\">1.<\/div>\n\t\t<\/div>\n\t\t<div class=\"step-title\">Escolha a Data<\/div>\n\t<\/div>\n\n\t<div class=\"step-wrapper\">\n\t\t<div class=\"step-icon-wrapper\">\n\t\t\t<div class=\"step-icon\">2.<\/div>\n\t\t<\/div>\n\t\t<div class=\"step-title\">Tipo de Quarto<\/div>\n\t<\/div>\n\n\t<div class=\"step-wrapper\">\n\t\t<div class=\"step-icon-wrapper\">\n\t\t\t<div class=\"step-icon\">3.<\/div>\n\t\t<\/div>\n\t\t<div class=\"step-title\">Fa\u00e7a a sua Pr\u00e9 - Reserva<\/div>\n\t<\/div>\n\n\t<div class=\"step-wrapper last-col\">\n\t\t<div class=\"step-icon-wrapper\">\n\t\t\t<div class=\"step-icon\">4.<\/div>\n\t\t<\/div>\n\t\t<div class=\"step-title\">Confirma\u00e7\u00e3o<\/div>\n\t<\/div>\n\n\t<div class=\"step-line\"><\/div>\n\n<!-- END .booking-step-wrapper -->\n<\/div>\n\n<!-- BEGIN .booking-main-wrapper -->\n<div class=\"booking-main-wrapper\">\n\t\n\t<!-- BEGIN .booking-main -->\n\t<div class=\"booking-main\">\n\n\t\t<!-- BEGIN .booking-errors -->\n\t\t<noscript>\n\t\t\t<div class=\"dark-notice booking-form-notice\">\n\t\t\t\tAtive o JavaScript no seu navegador para uma experi\u00eancia de navega\u00e7\u00e3o optimizada\t\t\t<\/div>\n\t\t<\/noscript>\n\t\t\t\t<!-- END .booking-errors -->\n\t\t\n\t\t<div class=\"dark-notice calendar-notice\"><p>Por favor selecione as datas do calend\u00e1rio<\/p><\/div>\n\t\t\n\t\t<div id=\"open_datepicker\"><div id=\"datepicker-loading-spinner\">Por favor, aguarde; carregando as datas dispon\u00edveis ...<\/div><\/div>\n\t\t\n\t\t<div class=\"clearboth\"><\/div>\n\t\t\n\t\t<div class=\"datepicker-key clearfix\">\n\t\t\t\n\t\t\t<div class=\"key-unavailable-wrapper clearfix\">\n\t\t\t\t<div class=\"key-unavailable-icon\"><\/div>\n\t\t\t\t<div class=\"key-unavailable-text\">Indispon\u00edvel<\/div>\n\t\t\t<\/div>\n\t\t\t\n\t\t\t<div class=\"key-available-wrapper clearfix\">\n\t\t\t\t<div class=\"key-available-icon\"><\/div>\n\t\t\t\t<div class=\"key-available-text\">Dispon\u00edvel<\/div>\n\t\t\t<\/div>\n\t\t\t\n\t\t\t<div class=\"key-selected-wrapper clearfix\">\n\t\t\t\t<div class=\"key-selected-icon\"><\/div>\n\t\t\t\t<div class=\"key-selected-text\">Selecione Data<\/div>\n\t\t\t<\/div>\n\t\t\t\n\t\t<\/div>\n\t\n\t<!-- END .booking-main -->\n\t<\/div>\n\n<!-- END .booking-main-wrapper -->\n<\/div>\n\n<!-- BEGIN .booking-side-wrapper -->\n<div class=\"booking-side-wrapper\">\n\t\n\t<!-- BEGIN .booking-side -->\n\t<div class=\"booking-side\">\n\t\n\t\t<h4 class=\"title-style4\">Sua Pr\u00e9 - Reserva<span class=\"title-block\"><\/span><\/h4>\n\t\t\n\t\t<form class=\"booking-form\" action=\"https:\/\/hotelgraopara.com.br\/site\/?page_id=71\" method=\"POST\">\n\t\t\t\n\t\t\t<div class=\"clearfix\">\n\t\t\t\t\n\t\t\t\t<div class=\"one-half-form\">\n\t\t\t\t\t<label for=\"datefrom\">Check In<\/label>\n\t\t\t\t\t<input name=\"room_all_checkin\" type=\"text\" id=\"datefrom\" size=\"10\" class=\"datepicker2\" value=\"\">\n\t\t\t\t<\/div>\n\t\t\t\n\t\t\t\t<div class=\"one-half-form last-col\">\n\t\t\t\t\t<label for=\"dateto\">Check Out<\/label>\n\t\t\t\t\t<input name=\"room_all_checkout\" type=\"text\" id=\"dateto\" size=\"10\" class=\"datepicker2\" value=\"\">\n\t\t\t\t<\/div>\n\t\t\t\n\t\t\t<\/div>\n\t\t\t\n\t\t\t\t\t\t<hr class=\"space8\" \/>\n\t\t\t<label for=\"book_room\">Quartos<\/label>\n\t\t\t<div class=\"select-wrapper\">\n\t\t\t\t<select name=\"room_qty\" id=\"room_qty\">\n\t\t\t\t\t\t\t\t\t\t\t\t\t\t\t\t\t\t\t\t\t\t\t\t\t\t\t<option value=\"1\"  selected='selected'>1<\/option>\n\t\t\t\t\t\t\t\t\t\t\t<option value=\"2\" >2<\/option>\n\t\t\t\t\t\t\t\t\t\t\t<option value=\"3\" >3<\/option>\n\t\t\t\t\t\t\t\t\t\t\t<option value=\"4\" >4<\/option>\n\t\t\t\t\t\t\t\t\t\t\t<option value=\"5\" >5<\/option>\n\t\t\t\t\t\t\t\t\t<\/select>\n\t\t\t<\/div>\n\t\t\t\t\t\t\n\t\t\t<!-- BEGIN .rooms-wrapper -->\n\t\t\t<div class=\"rooms-wrapper\">\n\t\t\t\n\t\t\t\t<!-- BEGIN .room-n -->\n\t\t\t\t\t\t\t\t<div class=\"room-1 clearfix\">\n\t\t\t\t\t<hr class=\"space8\" \/>\n\t\t\t\t\t<p class=\"label\">Quarto 1<\/p>\n\t\t\t\t\t<div class=\"one-third-form\">\n\t\t\t\t\t\t<label for=\"room_1_adults\">Adultos<\/label>\n\t\t\t\t\t\t<div class=\"select-wrapper\">\n\t\t\t\t\t\t\t<select name=\"room_1_adults\" id=\"room_1_adults\">\n\t\t\t\t\t\t\t\t\t\t\t\t\t\t\t\t\t\t\t\t\t\t\t\t\t\t\t\t\t\t\t\t\t\t\t\t\t\t\t\t\t\t<option value=\"0\"  selected='selected'>0<\/option>\n\t\t\t\t\t\t\t\t\t\t\t\t\t\t\t\t\t<option value=\"1\" >1<\/option>\n\t\t\t\t\t\t\t\t\t\t\t\t\t\t\t\t\t<option value=\"2\" >2<\/option>\n\t\t\t\t\t\t\t\t\t\t\t\t\t\t\t\t\t<option value=\"3\" >3<\/option>\n\t\t\t\t\t\t\t\t\t\t\t\t\t\t\t<\/select>\n\t\t\t\t\t\t<\/div>\n\t\t\t\t\t<\/div>\n\t\t\t\t\t\n\t\t\t\t\t\t\t\t\t\t\n\t\t\t\t\t<div class=\"one-third-form last-col\">\n\t\t\t\t\t\t<label for=\"room_1_children\">Crian\u00e7as<\/label>\n\t\t\t\t\t\t<div class=\"select-wrapper\">\n\t\t\t\t\t\t\t<select name=\"room_1_children\" id=\"room_1_children\">\n\t\t\t\t\t\t\t\t\t\t\t\t\t\t\t\t\t\t\t\t\t\t\t\t\t\t\t\t\t\t\t\t\t\t\t\t\t\t\t\t\t\t<option value=\"0\"  selected='selected'>0<\/option>\n\t\t\t\t\t\t\t\t\t\t\t\t\t\t\t\t\t<option value=\"1\" >1<\/option>\n\t\t\t\t\t\t\t\t\t\t\t\t\t\t\t\t\t<option value=\"2\" >2<\/option>\n\t\t\t\t\t\t\t\t\t\t\t\t\t\t\t\t\t<option value=\"3\" >3<\/option>\n\t\t\t\t\t\t\t\t\t\t\t\t\t\t\t<\/select>\n\t\t\t\t\t\t<\/div>\n\t\t\t\t\t<\/div>\n\t\t\t\t\t\n\t\t\t\t\t\t\t\t\t\t\n\t\t\t\t<!-- END .room-n -->\n\t\t\t\t<\/div>\n\t\t\t\t\t\t\t\t<div class=\"room-2 clearfix\">\n\t\t\t\t\t<hr class=\"space8\" \/>\n\t\t\t\t\t<p class=\"label\">Quarto 2<\/p>\n\t\t\t\t\t<div class=\"one-third-form\">\n\t\t\t\t\t\t<label for=\"room_2_adults\">Adultos<\/label>\n\t\t\t\t\t\t<div class=\"select-wrapper\">\n\t\t\t\t\t\t\t<select name=\"room_2_adults\" id=\"room_2_adults\">\n\t\t\t\t\t\t\t\t\t\t\t\t\t\t\t\t\t\t\t\t\t\t\t\t\t\t\t\t\t\t\t\t\t\t\t\t\t\t\t\t\t\t<option value=\"0\"  selected='selected'>0<\/option>\n\t\t\t\t\t\t\t\t\t\t\t\t\t\t\t\t\t<option value=\"1\" >1<\/option>\n\t\t\t\t\t\t\t\t\t\t\t\t\t\t\t\t\t<option value=\"2\" >2<\/option>\n\t\t\t\t\t\t\t\t\t\t\t\t\t\t\t\t\t<option value=\"3\" >3<\/option>\n\t\t\t\t\t\t\t\t\t\t\t\t\t\t\t<\/select>\n\t\t\t\t\t\t<\/div>\n\t\t\t\t\t<\/div>\n\t\t\t\t\t\n\t\t\t\t\t\t\t\t\t\t\n\t\t\t\t\t<div class=\"one-third-form last-col\">\n\t\t\t\t\t\t<label for=\"room_2_children\">Crian\u00e7as<\/label>\n\t\t\t\t\t\t<div class=\"select-wrapper\">\n\t\t\t\t\t\t\t<select name=\"room_2_children\" id=\"room_2_children\">\n\t\t\t\t\t\t\t\t\t\t\t\t\t\t\t\t\t\t\t\t\t\t\t\t\t\t\t\t\t\t\t\t\t\t\t\t\t\t\t\t\t\t<option value=\"0\"  selected='selected'>0<\/option>\n\t\t\t\t\t\t\t\t\t\t\t\t\t\t\t\t\t<option value=\"1\" >1<\/option>\n\t\t\t\t\t\t\t\t\t\t\t\t\t\t\t\t\t<option value=\"2\" >2<\/option>\n\t\t\t\t\t\t\t\t\t\t\t\t\t\t\t\t\t<option value=\"3\" >3<\/option>\n\t\t\t\t\t\t\t\t\t\t\t\t\t\t\t<\/select>\n\t\t\t\t\t\t<\/div>\n\t\t\t\t\t<\/div>\n\t\t\t\t\t\n\t\t\t\t\t\t\t\t\t\t\n\t\t\t\t<!-- END .room-n -->\n\t\t\t\t<\/div>\n\t\t\t\t\t\t\t\t<div class=\"room-3 clearfix\">\n\t\t\t\t\t<hr class=\"space8\" \/>\n\t\t\t\t\t<p class=\"label\">Quarto 3<\/p>\n\t\t\t\t\t<div class=\"one-third-form\">\n\t\t\t\t\t\t<label for=\"room_3_adults\">Adultos<\/label>\n\t\t\t\t\t\t<div class=\"select-wrapper\">\n\t\t\t\t\t\t\t<select name=\"room_3_adults\" id=\"room_3_adults\">\n\t\t\t\t\t\t\t\t\t\t\t\t\t\t\t\t\t\t\t\t\t\t\t\t\t\t\t\t\t\t\t\t\t\t\t\t\t\t\t\t\t\t<option value=\"0\"  selected='selected'>0<\/option>\n\t\t\t\t\t\t\t\t\t\t\t\t\t\t\t\t\t<option value=\"1\" >1<\/option>\n\t\t\t\t\t\t\t\t\t\t\t\t\t\t\t\t\t<option value=\"2\" >2<\/option>\n\t\t\t\t\t\t\t\t\t\t\t\t\t\t\t\t\t<option value=\"3\" >3<\/option>\n\t\t\t\t\t\t\t\t\t\t\t\t\t\t\t<\/select>\n\t\t\t\t\t\t<\/div>\n\t\t\t\t\t<\/div>\n\t\t\t\t\t\n\t\t\t\t\t\t\t\t\t\t\n\t\t\t\t\t<div class=\"one-third-form last-col\">\n\t\t\t\t\t\t<label for=\"room_3_children\">Crian\u00e7as<\/label>\n\t\t\t\t\t\t<div class=\"select-wrapper\">\n\t\t\t\t\t\t\t<select name=\"room_3_children\" id=\"room_3_children\">\n\t\t\t\t\t\t\t\t\t\t\t\t\t\t\t\t\t\t\t\t\t\t\t\t\t\t\t\t\t\t\t\t\t\t\t\t\t\t\t\t\t\t<option value=\"0\"  selected='selected'>0<\/option>\n\t\t\t\t\t\t\t\t\t\t\t\t\t\t\t\t\t<option value=\"1\" >1<\/option>\n\t\t\t\t\t\t\t\t\t\t\t\t\t\t\t\t\t<option value=\"2\" >2<\/option>\n\t\t\t\t\t\t\t\t\t\t\t\t\t\t\t\t\t<option value=\"3\" >3<\/option>\n\t\t\t\t\t\t\t\t\t\t\t\t\t\t\t<\/select>\n\t\t\t\t\t\t<\/div>\n\t\t\t\t\t<\/div>\n\t\t\t\t\t\n\t\t\t\t\t\t\t\t\t\t\n\t\t\t\t<!-- END .room-n -->\n\t\t\t\t<\/div>\n\t\t\t\t\t\t\t\t<div class=\"room-4 clearfix\">\n\t\t\t\t\t<hr class=\"space8\" \/>\n\t\t\t\t\t<p class=\"label\">Quarto 4<\/p>\n\t\t\t\t\t<div class=\"one-third-form\">\n\t\t\t\t\t\t<label for=\"room_4_adults\">Adultos<\/label>\n\t\t\t\t\t\t<div class=\"select-wrapper\">\n\t\t\t\t\t\t\t<select name=\"room_4_adults\" id=\"room_4_adults\">\n\t\t\t\t\t\t\t\t\t\t\t\t\t\t\t\t\t\t\t\t\t\t\t\t\t\t\t\t\t\t\t\t\t\t\t\t\t\t\t\t\t\t<option value=\"0\"  selected='selected'>0<\/option>\n\t\t\t\t\t\t\t\t\t\t\t\t\t\t\t\t\t<option value=\"1\" >1<\/option>\n\t\t\t\t\t\t\t\t\t\t\t\t\t\t\t\t\t<option value=\"2\" >2<\/option>\n\t\t\t\t\t\t\t\t\t\t\t\t\t\t\t\t\t<option value=\"3\" >3<\/option>\n\t\t\t\t\t\t\t\t\t\t\t\t\t\t\t<\/select>\n\t\t\t\t\t\t<\/div>\n\t\t\t\t\t<\/div>\n\t\t\t\t\t\n\t\t\t\t\t\t\t\t\t\t\n\t\t\t\t\t<div class=\"one-third-form last-col\">\n\t\t\t\t\t\t<label for=\"room_4_children\">Crian\u00e7as<\/label>\n\t\t\t\t\t\t<div class=\"select-wrapper\">\n\t\t\t\t\t\t\t<select name=\"room_4_children\" id=\"room_4_children\">\n\t\t\t\t\t\t\t\t\t\t\t\t\t\t\t\t\t\t\t\t\t\t\t\t\t\t\t\t\t\t\t\t\t\t\t\t\t\t\t\t\t\t<option value=\"0\"  selected='selected'>0<\/option>\n\t\t\t\t\t\t\t\t\t\t\t\t\t\t\t\t\t<option value=\"1\" >1<\/option>\n\t\t\t\t\t\t\t\t\t\t\t\t\t\t\t\t\t<option value=\"2\" >2<\/option>\n\t\t\t\t\t\t\t\t\t\t\t\t\t\t\t\t\t<option value=\"3\" >3<\/option>\n\t\t\t\t\t\t\t\t\t\t\t\t\t\t\t<\/select>\n\t\t\t\t\t\t<\/div>\n\t\t\t\t\t<\/div>\n\t\t\t\t\t\n\t\t\t\t\t\t\t\t\t\t\n\t\t\t\t<!-- END .room-n -->\n\t\t\t\t<\/div>\n\t\t\t\t\t\t\t\t<div class=\"room-5 clearfix\">\n\t\t\t\t\t<hr class=\"space8\" \/>\n\t\t\t\t\t<p class=\"label\">Quarto 5<\/p>\n\t\t\t\t\t<div class=\"one-third-form\">\n\t\t\t\t\t\t<label for=\"room_5_adults\">Adultos<\/label>\n\t\t\t\t\t\t<div class=\"select-wrapper\">\n\t\t\t\t\t\t\t<select name=\"room_5_adults\" id=\"room_5_adults\">\n\t\t\t\t\t\t\t\t\t\t\t\t\t\t\t\t\t\t\t\t\t\t\t\t\t\t\t\t\t\t\t\t\t\t\t\t\t\t\t\t\t\t<option value=\"0\"  selected='selected'>0<\/option>\n\t\t\t\t\t\t\t\t\t\t\t\t\t\t\t\t\t<option value=\"1\" >1<\/option>\n\t\t\t\t\t\t\t\t\t\t\t\t\t\t\t\t\t<option value=\"2\" >2<\/option>\n\t\t\t\t\t\t\t\t\t\t\t\t\t\t\t\t\t<option value=\"3\" >3<\/option>\n\t\t\t\t\t\t\t\t\t\t\t\t\t\t\t<\/select>\n\t\t\t\t\t\t<\/div>\n\t\t\t\t\t<\/div>\n\t\t\t\t\t\n\t\t\t\t\t\t\t\t\t\t\n\t\t\t\t\t<div class=\"one-third-form last-col\">\n\t\t\t\t\t\t<label for=\"room_5_children\">Crian\u00e7as<\/label>\n\t\t\t\t\t\t<div class=\"select-wrapper\">\n\t\t\t\t\t\t\t<select name=\"room_5_children\" id=\"room_5_children\">\n\t\t\t\t\t\t\t\t\t\t\t\t\t\t\t\t\t\t\t\t\t\t\t\t\t\t\t\t\t\t\t\t\t\t\t\t\t\t\t\t\t\t<option value=\"0\"  selected='selected'>0<\/option>\n\t\t\t\t\t\t\t\t\t\t\t\t\t\t\t\t\t<option value=\"1\" >1<\/option>\n\t\t\t\t\t\t\t\t\t\t\t\t\t\t\t\t\t<option value=\"2\" >2<\/option>\n\t\t\t\t\t\t\t\t\t\t\t\t\t\t\t\t\t<option value=\"3\" >3<\/option>\n\t\t\t\t\t\t\t\t\t\t\t\t\t\t\t<\/select>\n\t\t\t\t\t\t<\/div>\n\t\t\t\t\t<\/div>\n\t\t\t\t\t\n\t\t\t\t\t\t\t\t\t\t\n\t\t\t\t<!-- END .room-n -->\n\t\t\t\t<\/div>\n\t\t\t\t\n\t\t\t<!-- END .rooms-wrapper -->\n\t\t\t<\/div>\n\n\t\t\t<hr class=\"space8\" \/>\n\t\t\t\t\t\t<input class=\"bookbutton\" type=\"submit\" name=\"booking_step_1_submit\" value=\"Disponibilidade\" \/>\n\n\t\t<\/form>\n\t\n\t<!-- END .booking-side -->\n\t<\/div>\n\n<!-- END .booking-side-wrapper -->\n<\/div>\n\n<div class=\"clearboth\"><\/div>\n\n","protected":false},"excerpt":{"rendered":"","protected":false},"author":1,"featured_media":0,"parent":0,"menu_order":0,"comment_status":"closed","ping_status":"closed","template":"page-templates\/template-full-width.php","meta":{"ngg_post_thumbnail":0,"_joinchat":[],"footnotes":""},"class_list":["post-71","page","type-page","status-publish","hentry"],"_links":{"self":[{"href":"https:\/\/hotelgraopara.com.br\/site\/index.php?rest_route=\/wp\/v2\/pages\/71","targetHints":{"allow":["GET"]}}],"collection":[{"href":"https:\/\/hotelgraopara.com.br\/site\/index.php?rest_route=\/wp\/v2\/pages"}],"about":[{"href":"https:\/\/hotelgraopara.com.br\/site\/index.php?rest_route=\/wp\/v2\/types\/page"}],"author":[{"embeddable":true,"href":"https:\/\/hotelgraopara.com.br\/site\/index.php?rest_route=\/wp\/v2\/users\/1"}],"replies":[{"embeddable":true,"href":"https:\/\/hotelgraopara.com.br\/site\/index.php?rest_route=%2Fwp%2Fv2%2Fcomments&post=71"}],"version-history":[{"count":1,"href":"https:\/\/hotelgraopara.com.br\/site\/index.php?rest_route=\/wp\/v2\/pages\/71\/revisions"}],"predecessor-version":[{"id":997,"href":"https:\/\/hotelgraopara.com.br\/site\/index.php?rest_route=\/wp\/v2\/pages\/71\/revisions\/997"}],"wp:attachment":[{"href":"https:\/\/hotelgraopara.com.br\/site\/index.php?rest_route=%2Fwp%2Fv2%2Fmedia&parent=71"}],"curies":[{"name":"wp","href":"https:\/\/api.w.org\/{rel}","templated":true}]}}